{"id":373,"date":"2024-08-29T12:46:16","date_gmt":"2024-08-29T10:46:16","guid":{"rendered":"http:\/\/193.144.50.22\/wordpress\/?page_id=373"},"modified":"2024-11-08T12:36:50","modified_gmt":"2024-11-08T11:36:50","slug":"practicas-profesionales","status":"publish","type":"page","link":"https:\/\/masterhpc.es\/index.php\/programa\/practicas-profesionales\/","title":{"rendered":"Pr\u00e1cticas Profesionales"},"content":{"rendered":"\t\t<div data-elementor-type=\"wp-page\" data-elementor-id=\"373\" class=\"elementor elementor-373\" data-elementor-post-type=\"page\">\n\t\t\t\t\t\t<section class=\"elementor-section elementor-top-section elementor-element elementor-element-49986c84 elementor-section-height-min-height elementor-section-content-space-evenly elementor-section-items-stretch elementor-section-boxed elementor-section-height-default\" data-id=\"49986c84\" data-element_type=\"section\" data-settings=\"{&quot;background_background&quot;:&quot;classic&quot;}\">\n\t\t\t\t\t\t\t<div class=\"elementor-background-overlay\"><\/div>\n\t\t\t\t\t\t\t<div class=\"elementor-container elementor-column-gap-wide\">\n\t\t\t\t\t<div class=\"elementor-column elementor-col-100 elementor-top-column elementor-element elementor-element-5355e455\" data-id=\"5355e455\" data-element_type=\"column\">\n\t\t\t<div class=\"elementor-widget-wrap elementor-element-populated\">\n\t\t\t\t\t\t<div class=\"elementor-element elementor-element-1e81fae elementor-widget elementor-widget-heading\" data-id=\"1e81fae\" data-element_type=\"widget\" data-widget_type=\"heading.default\">\n\t\t\t\t<div class=\"elementor-widget-container\">\n\t\t\t\t\t<h2 class=\"elementor-heading-title elementor-size-default\">PR\u00c1CTICAS<br>PROFESIONALES<\/h2>\t\t\t\t<\/div>\n\t\t\t\t<\/div>\n\t\t\t\t\t<\/div>\n\t\t<\/div>\n\t\t\t\t\t<\/div>\n\t\t<\/section>\n\t\t<div class=\"elementor-element elementor-element-fe923e7 e-flex e-con-boxed e-con e-parent\" data-id=\"fe923e7\" data-element_type=\"container\">\n\t\t\t\t\t<div class=\"e-con-inner\">\n\t\t<div class=\"elementor-element elementor-element-1b9d648 e-con-full e-flex e-con e-child\" data-id=\"1b9d648\" data-element_type=\"container\">\n\t\t<div class=\"elementor-element elementor-element-3b1eddb e-con-full e-flex e-con e-child\" data-id=\"3b1eddb\" data-element_type=\"container\" data-settings=\"{&quot;background_background&quot;:&quot;classic&quot;}\">\n\t\t\t\t<div class=\"elementor-element elementor-element-71d467e elementor-widget elementor-widget-heading\" data-id=\"71d467e\" data-element_type=\"widget\" data-widget_type=\"heading.default\">\n\t\t\t\t<div class=\"elementor-widget-container\">\n\t\t\t\t\t<h2 class=\"elementor-heading-title elementor-size-default\">SEMESTRE C-2<\/h2>\t\t\t\t<\/div>\n\t\t\t\t<\/div>\n\t\t\t\t<div class=\"elementor-element elementor-element-c8b14e2 elementor-widget elementor-widget-heading\" data-id=\"c8b14e2\" data-element_type=\"widget\" data-widget_type=\"heading.default\">\n\t\t\t\t<div class=\"elementor-widget-container\">\n\t\t\t\t\t<h2 class=\"elementor-heading-title elementor-size-default\">6 ECTs<\/h2>\t\t\t\t<\/div>\n\t\t\t\t<\/div>\n\t\t\t\t<div class=\"elementor-element elementor-element-17d8f66 elementor-widget elementor-widget-text-editor\" data-id=\"17d8f66\" data-element_type=\"widget\" data-widget_type=\"text-editor.default\">\n\t\t\t\t<div class=\"elementor-widget-container\">\n\t\t\t\t\t\t\t\t\t<p>Obligatoria<\/p>\t\t\t\t\t\t\t\t<\/div>\n\t\t\t\t<\/div>\n\t\t\t\t<\/div>\n\t\t<div class=\"elementor-element elementor-element-757124b e-con-full e-flex e-con e-child\" data-id=\"757124b\" data-element_type=\"container\" data-settings=\"{&quot;background_background&quot;:&quot;classic&quot;}\">\n\t\t<div class=\"elementor-element elementor-element-629a240 e-con-full e-flex e-con e-child\" data-id=\"629a240\" data-element_type=\"container\">\n\t\t\t\t<div class=\"elementor-element elementor-element-742bc6c elementor-widget elementor-widget-text-editor\" data-id=\"742bc6c\" data-element_type=\"widget\" data-widget_type=\"text-editor.default\">\n\t\t\t\t<div class=\"elementor-widget-container\">\n\t\t\t\t\t\t\t\t\t<p><strong>Al finalizar las pr\u00e1cticas profesionales, el estudiante:<\/strong><\/p><ul><li>Tendr\u00e1 experiencia en la aplicaci\u00f3n de los conocimientos adquiridos en contextos reales<\/li><li>Ser\u00e1 capaz de reflexionar sobre c\u00f3mo se desarrolla la aplicaci\u00f3n de los conocimientos adquiridos en el m\u00e1ster por profesionales de mayor experiencia en la realidad<\/li><li>Tendr\u00e1 experiencia real en la toma de decisiones<\/li><li>Tendr\u00e1 experiencia en la adaptaci\u00f3n a nuevas circunstancias en el entorno laboral<\/li><\/ul>\t\t\t\t\t\t\t\t<\/div>\n\t\t\t\t<\/div>\n\t\t\t\t<\/div>\n\t\t\t\t<\/div>\n\t\t\t\t<\/div>\n\t\t\t\t\t<\/div>\n\t\t\t\t<\/div>\n\t\t<div class=\"elementor-element elementor-element-5c5843c e-flex e-con-boxed e-con e-parent\" data-id=\"5c5843c\" data-element_type=\"container\">\n\t\t\t\t\t<div class=\"e-con-inner\">\n\t\t<div class=\"elementor-element elementor-element-a301eed e-con-full e-flex e-con e-child\" data-id=\"a301eed\" data-element_type=\"container\">\n\t\t<div class=\"elementor-element elementor-element-36bdba6 e-con-full e-flex e-con e-child\" data-id=\"36bdba6\" data-element_type=\"container\">\n\t\t\t\t<div class=\"elementor-element elementor-element-469c82b elementor-widget elementor-widget-heading\" data-id=\"469c82b\" data-element_type=\"widget\" data-widget_type=\"heading.default\">\n\t\t\t\t<div class=\"elementor-widget-container\">\n\t\t\t\t\t<h2 class=\"elementor-heading-title elementor-size-default\">CONTENIDOS<\/h2>\t\t\t\t<\/div>\n\t\t\t\t<\/div>\n\t\t\t\t<div class=\"elementor-element elementor-element-e4ff0df elementor-widget elementor-widget-text-editor\" data-id=\"e4ff0df\" data-element_type=\"widget\" data-widget_type=\"text-editor.default\">\n\t\t\t\t<div class=\"elementor-widget-container\">\n\t\t\t\t\t\t\t\t\t<p>Los contenidos de esta materia estar\u00e1n relacionados con los contenidos de una o varias de las materias del master y fomentar\u00e1n que el estudiante aplique los conocimientos, capacidades y aptitudes adquiridas en el resto de las materias a la realidad profesional.<\/p>\t\t\t\t\t\t\t\t<\/div>\n\t\t\t\t<\/div>\n\t\t\t\t<\/div>\n\t\t\t\t<\/div>\n\t\t<div class=\"elementor-element elementor-element-85f562f e-con-full e-flex e-con e-child\" data-id=\"85f562f\" data-element_type=\"container\">\n\t\t\t\t<div class=\"elementor-element elementor-element-f021338 elementor-widget elementor-widget-heading\" data-id=\"f021338\" data-element_type=\"widget\" data-widget_type=\"heading.default\">\n\t\t\t\t<div class=\"elementor-widget-container\">\n\t\t\t\t\t<h2 class=\"elementor-heading-title elementor-size-default\">BIBLIOGRAF\u00cdA B\u00c1SICA Y COMPLEMENTARIA<\/h2>\t\t\t\t<\/div>\n\t\t\t\t<\/div>\n\t\t\t\t<div class=\"elementor-element elementor-element-4e6597b elementor-widget elementor-widget-text-editor\" data-id=\"4e6597b\" data-element_type=\"widget\" data-widget_type=\"text-editor.default\">\n\t\t\t\t<div class=\"elementor-widget-container\">\n\t\t\t\t\t\t\t\t\t<p>Dadas las peculiaridades de esta materia, resulta imposible especificar una bibliograf\u00eda general v\u00e1lida. La bibliograf\u00eda ser\u00e1 espec\u00edfica de las tareas a desarrollar en la empresa, instituci\u00f3n o entidad.<\/p>\t\t\t\t\t\t\t\t<\/div>\n\t\t\t\t<\/div>\n\t\t\t\t<\/div>\n\t\t\t\t\t<\/div>\n\t\t\t\t<\/div>\n\t\t<div class=\"elementor-element elementor-element-789cea8 e-flex e-con-boxed e-con e-parent\" data-id=\"789cea8\" data-element_type=\"container\">\n\t\t\t\t\t<div class=\"e-con-inner\">\n\t\t\t\t<div class=\"elementor-element elementor-element-06b0631 elementor-widget elementor-widget-text-editor\" data-id=\"06b0631\" data-element_type=\"widget\" data-widget_type=\"text-editor.default\">\n\t\t\t\t<div class=\"elementor-widget-container\">\n\t\t\t\t\t\t\t\t\t<span style=\"font-weight: 400;\">Para una informaci\u00f3n m\u00e1s detallada de la metodolog\u00eda docente y de la evaluaci\u00f3n del <\/span><span style=\"font-weight: 400;\">m\u00e1ster en computaci\u00f3n de altas prestaciones<\/span><span style=\"font-weight: 400;\">, tanto de modalidad presecial como a distancia, visita las gu\u00edas docentes de las asignaturas en el<\/span> <strong><a href=\" https:\/\/www.usc.gal\/es\/estudios\/masteres\/ingenieria-arquitectura\/master-universitario-computacion-altas-prestaciones-presencial\">siguiente enlace<\/a>.<\/strong>\t\t\t\t\t\t\t\t<\/div>\n\t\t\t\t<\/div>\n\t\t\t\t\t<\/div>\n\t\t\t\t<\/div>\n\t\t\t\t<\/div>\n\t\t","protected":false},"excerpt":{"rendered":"<p>PR\u00c1CTICASPROFESIONALES SEMESTRE C-2 6 ECTs Obligatoria Al finalizar las pr\u00e1cticas profesionales, el estudiante: Tendr\u00e1 experiencia en la aplicaci\u00f3n de los conocimientos adquiridos en contextos reales Ser\u00e1 capaz de reflexionar sobre c\u00f3mo se desarrolla la aplicaci\u00f3n de los conocimientos adquiridos en el m\u00e1ster por profesionales de mayor experiencia en la realidad Tendr\u00e1 experiencia real en la &#8230; <a title=\"Pr\u00e1cticas Profesionales\" class=\"read-more\" href=\"https:\/\/masterhpc.es\/index.php\/programa\/practicas-profesionales\/\" aria-label=\"Leer m\u00e1s sobre Pr\u00e1cticas Profesionales\">Leer m\u00e1s<\/a><\/p>\n","protected":false},"author":1,"featured_media":0,"parent":177,"menu_order":0,"comment_status":"closed","ping_status":"closed","template":"elementor_header_footer","meta":{"footnotes":""},"class_list":["post-373","page","type-page","status-publish"],"_links":{"self":[{"href":"https:\/\/masterhpc.es\/index.php\/wp-json\/wp\/v2\/pages\/373"}],"collection":[{"href":"https:\/\/masterhpc.es\/index.php\/wp-json\/wp\/v2\/pages"}],"about":[{"href":"https:\/\/masterhpc.es\/index.php\/wp-json\/wp\/v2\/types\/page"}],"author":[{"embeddable":true,"href":"https:\/\/masterhpc.es\/index.php\/wp-json\/wp\/v2\/users\/1"}],"replies":[{"embeddable":true,"href":"https:\/\/masterhpc.es\/index.php\/wp-json\/wp\/v2\/comments?post=373"}],"version-history":[{"count":21,"href":"https:\/\/masterhpc.es\/index.php\/wp-json\/wp\/v2\/pages\/373\/revisions"}],"predecessor-version":[{"id":940,"href":"https:\/\/masterhpc.es\/index.php\/wp-json\/wp\/v2\/pages\/373\/revisions\/940"}],"up":[{"embeddable":true,"href":"https:\/\/masterhpc.es\/index.php\/wp-json\/wp\/v2\/pages\/177"}],"wp:attachment":[{"href":"https:\/\/masterhpc.es\/index.php\/wp-json\/wp\/v2\/media?parent=373"}],"curies":[{"name":"wp","href":"https:\/\/api.w.org\/{rel}","templated":true}]}}