{"id":429,"date":"2024-08-29T13:18:20","date_gmt":"2024-08-29T11:18:20","guid":{"rendered":"http:\/\/193.144.50.22\/wordpress\/?page_id=429"},"modified":"2024-11-08T12:21:34","modified_gmt":"2024-11-08T11:21:34","slug":"objetivos","status":"publish","type":"page","link":"https:\/\/masterhpc.es\/index.php\/master-hpc\/objetivos\/","title":{"rendered":"Objetivos"},"content":{"rendered":"\t\t<div data-elementor-type=\"wp-page\" data-elementor-id=\"429\" class=\"elementor elementor-429\" data-elementor-post-type=\"page\">\n\t\t\t\t\t\t<section class=\"elementor-section elementor-top-section elementor-element elementor-element-49986c84 elementor-section-height-min-height elementor-section-content-space-evenly elementor-section-items-stretch elementor-section-boxed elementor-section-height-default\" data-id=\"49986c84\" data-element_type=\"section\" data-settings=\"{&quot;background_background&quot;:&quot;classic&quot;}\">\n\t\t\t\t\t\t\t<div class=\"elementor-background-overlay\"><\/div>\n\t\t\t\t\t\t\t<div class=\"elementor-container elementor-column-gap-wide\">\n\t\t\t\t\t<div class=\"elementor-column elementor-col-100 elementor-top-column elementor-element elementor-element-5355e455\" data-id=\"5355e455\" data-element_type=\"column\">\n\t\t\t<div class=\"elementor-widget-wrap elementor-element-populated\">\n\t\t\t\t\t\t<div class=\"elementor-element elementor-element-1e81fae elementor-widget elementor-widget-heading\" data-id=\"1e81fae\" data-element_type=\"widget\" data-widget_type=\"heading.default\">\n\t\t\t\t<div class=\"elementor-widget-container\">\n\t\t\t\t\t<h2 class=\"elementor-heading-title elementor-size-default\">OBJETIVOS<\/h2>\t\t\t\t<\/div>\n\t\t\t\t<\/div>\n\t\t\t\t\t<\/div>\n\t\t<\/div>\n\t\t\t\t\t<\/div>\n\t\t<\/section>\n\t\t<div class=\"elementor-element elementor-element-277a894 e-flex e-con-boxed e-con e-parent\" data-id=\"277a894\" data-element_type=\"container\">\n\t\t\t\t\t<div class=\"e-con-inner\">\n\t\t<div class=\"elementor-element elementor-element-4327b16 e-con-full e-flex e-con e-child\" data-id=\"4327b16\" data-element_type=\"container\">\n\t\t<div class=\"elementor-element elementor-element-1a95ff1 e-con-full e-flex e-con e-child\" data-id=\"1a95ff1\" data-element_type=\"container\">\n\t\t\t\t<div class=\"elementor-element elementor-element-c594bf7 elementor-widget elementor-widget-image\" data-id=\"c594bf7\" data-element_type=\"widget\" data-widget_type=\"image.default\">\n\t\t\t\t<div class=\"elementor-widget-container\">\n\t\t\t\t\t\t\t\t\t\t\t\t\t\t\t<img fetchpriority=\"high\" decoding=\"async\" width=\"1024\" height=\"683\" src=\"https:\/\/masterhpc.es\/wp-content\/uploads\/2024\/08\/MasterHPC_Banner_Programa-1024x683.jpg\" class=\"attachment-large size-large wp-image-276\" alt=\"\" srcset=\"https:\/\/masterhpc.es\/wp-content\/uploads\/2024\/08\/MasterHPC_Banner_Programa-1024x683.jpg 1024w, https:\/\/masterhpc.es\/wp-content\/uploads\/2024\/08\/MasterHPC_Banner_Programa-300x200.jpg 300w, https:\/\/masterhpc.es\/wp-content\/uploads\/2024\/08\/MasterHPC_Banner_Programa-768x512.jpg 768w, https:\/\/masterhpc.es\/wp-content\/uploads\/2024\/08\/MasterHPC_Banner_Programa-1536x1024.jpg 1536w, https:\/\/masterhpc.es\/wp-content\/uploads\/2024\/08\/MasterHPC_Banner_Programa.jpg 1620w\" sizes=\"(max-width: 1024px) 100vw, 1024px\" \/>\t\t\t\t\t\t\t\t\t\t\t\t\t\t\t<\/div>\n\t\t\t\t<\/div>\n\t\t\t\t<\/div>\n\t\t<div class=\"elementor-element elementor-element-494f675 e-con-full e-flex e-con e-child\" data-id=\"494f675\" data-element_type=\"container\">\n\t\t\t\t<div class=\"elementor-element elementor-element-7bbfd74 elementor-widget elementor-widget-text-editor\" data-id=\"7bbfd74\" data-element_type=\"widget\" data-widget_type=\"text-editor.default\">\n\t\t\t\t<div class=\"elementor-widget-container\">\n\t\t\t\t\t\t\t\t\t<p><span style=\"font-weight: 400;\">La<\/span> <b>Computaci\u00f3n de Altas Prestaciones<\/b> <span style=\"font-weight: 400;\">(HPC)\u00a0permite a cient\u00edficos e ingenieros resolver complejos problemas cient\u00edficos, de ingenier\u00eda e incluso de negocios, usando aplicaciones que requieren gran ancho de banda, redes avanzadas, y capacidades muy grandes de c\u00e1lculo o de an\u00e1lisis de datos. Los profesionales que se forman en esta especializaci\u00f3n poseen el conocimiento y las habilidades que necesitan empresas e instituciones con centros I+D+I que quieran o <\/span><span style=\"font-weight: 400;\">requieran<\/span><span style=\"font-weight: 400;\"> incorporar tecnolog\u00edas emergentes.<\/span><\/p><p><span style=\"font-weight: 400;\">El M\u00e1ster en Computaci\u00f3n de Altas Prestaciones tiene como objetivo fundamental la formaci\u00f3n de profesionales, tecn\u00f3logos e investigadores en el campo de la <\/span><span style=\"font-weight: 400;\">ingenier\u00eda computacional<\/span><span style=\"font-weight: 400;\">,\u00a0 la arquitectura de computadores y la computaci\u00f3n de altas prestaciones. Esto incide en aspectos acad\u00e9micos, de investigaci\u00f3n y de transferencia tecnol\u00f3gica que permitir\u00e1 a los estudiantes unirse a departamentos de I+D+I, centros tecnol\u00f3gicos, y\/o comenzar estudios de doctorado en el campo de la computaci\u00f3n de altas prestaciones.<\/span><\/p>\t\t\t\t\t\t\t\t<\/div>\n\t\t\t\t<\/div>\n\t\t\t\t<\/div>\n\t\t\t\t<\/div>\n\t\t\t\t\t<\/div>\n\t\t\t\t<\/div>\n\t\t\t\t<\/div>\n\t\t","protected":false},"excerpt":{"rendered":"<p>OBJETIVOS La Computaci\u00f3n de Altas Prestaciones (HPC)\u00a0permite a cient\u00edficos e ingenieros resolver complejos problemas cient\u00edficos, de ingenier\u00eda e incluso de negocios, usando aplicaciones que requieren gran ancho de banda, redes avanzadas, y capacidades muy grandes de c\u00e1lculo o de an\u00e1lisis de datos. Los profesionales que se forman en esta especializaci\u00f3n poseen el conocimiento y las &#8230; <a title=\"Objetivos\" class=\"read-more\" href=\"https:\/\/masterhpc.es\/index.php\/master-hpc\/objetivos\/\" aria-label=\"Leer m\u00e1s sobre Objetivos\">Leer m\u00e1s<\/a><\/p>\n","protected":false},"author":1,"featured_media":0,"parent":148,"menu_order":0,"comment_status":"closed","ping_status":"closed","template":"elementor_header_footer","meta":{"footnotes":""},"class_list":["post-429","page","type-page","status-publish"],"_links":{"self":[{"href":"https:\/\/masterhpc.es\/index.php\/wp-json\/wp\/v2\/pages\/429"}],"collection":[{"href":"https:\/\/masterhpc.es\/index.php\/wp-json\/wp\/v2\/pages"}],"about":[{"href":"https:\/\/masterhpc.es\/index.php\/wp-json\/wp\/v2\/types\/page"}],"author":[{"embeddable":true,"href":"https:\/\/masterhpc.es\/index.php\/wp-json\/wp\/v2\/users\/1"}],"replies":[{"embeddable":true,"href":"https:\/\/masterhpc.es\/index.php\/wp-json\/wp\/v2\/comments?post=429"}],"version-history":[{"count":9,"href":"https:\/\/masterhpc.es\/index.php\/wp-json\/wp\/v2\/pages\/429\/revisions"}],"predecessor-version":[{"id":880,"href":"https:\/\/masterhpc.es\/index.php\/wp-json\/wp\/v2\/pages\/429\/revisions\/880"}],"up":[{"embeddable":true,"href":"https:\/\/masterhpc.es\/index.php\/wp-json\/wp\/v2\/pages\/148"}],"wp:attachment":[{"href":"https:\/\/masterhpc.es\/index.php\/wp-json\/wp\/v2\/media?parent=429"}],"curies":[{"name":"wp","href":"https:\/\/api.w.org\/{rel}","templated":true}]}}