{"id":433,"date":"2024-08-29T13:29:03","date_gmt":"2024-08-29T11:29:03","guid":{"rendered":"http:\/\/193.144.50.22\/wordpress\/?page_id=433"},"modified":"2024-11-08T12:17:39","modified_gmt":"2024-11-08T11:17:39","slug":"organizadores","status":"publish","type":"page","link":"https:\/\/masterhpc.es\/index.php\/master-hpc\/organizadores\/","title":{"rendered":"Organizadores"},"content":{"rendered":"\t\t<div data-elementor-type=\"wp-page\" data-elementor-id=\"433\" class=\"elementor elementor-433\" data-elementor-post-type=\"page\">\n\t\t\t\t\t\t<section class=\"elementor-section elementor-top-section elementor-element elementor-element-49986c84 elementor-section-height-min-height elementor-section-content-space-evenly elementor-section-items-stretch elementor-section-boxed elementor-section-height-default\" data-id=\"49986c84\" data-element_type=\"section\" data-settings=\"{&quot;background_background&quot;:&quot;classic&quot;}\">\n\t\t\t\t\t\t\t<div class=\"elementor-background-overlay\"><\/div>\n\t\t\t\t\t\t\t<div class=\"elementor-container elementor-column-gap-wide\">\n\t\t\t\t\t<div class=\"elementor-column elementor-col-100 elementor-top-column elementor-element elementor-element-5355e455\" data-id=\"5355e455\" data-element_type=\"column\">\n\t\t\t<div class=\"elementor-widget-wrap elementor-element-populated\">\n\t\t\t\t\t\t<div class=\"elementor-element elementor-element-1e81fae elementor-widget elementor-widget-heading\" data-id=\"1e81fae\" data-element_type=\"widget\" data-widget_type=\"heading.default\">\n\t\t\t\t<div class=\"elementor-widget-container\">\n\t\t\t\t\t<h2 class=\"elementor-heading-title elementor-size-default\">ORGANIZADORES<\/h2>\t\t\t\t<\/div>\n\t\t\t\t<\/div>\n\t\t\t\t<div class=\"elementor-element elementor-element-19c8f3c elementor-widget__width-initial elementor-widget elementor-widget-text-editor\" data-id=\"19c8f3c\" data-element_type=\"widget\" data-widget_type=\"text-editor.default\">\n\t\t\t\t<div class=\"elementor-widget-container\">\n\t\t\t\t\t\t\t\t\t<p>El M\u00e1ster en Computaci\u00f3n de Altas Prestaciones\/High Performance Computing ha sido reconocido con la Menci\u00f3n de Excelencia de la Xunta de Galicia<\/p>\t\t\t\t\t\t\t\t<\/div>\n\t\t\t\t<\/div>\n\t\t\t\t\t<\/div>\n\t\t<\/div>\n\t\t\t\t\t<\/div>\n\t\t<\/section>\n\t\t<div class=\"elementor-element elementor-element-277a894 e-flex e-con-boxed e-con e-parent\" data-id=\"277a894\" data-element_type=\"container\">\n\t\t\t\t\t<div class=\"e-con-inner\">\n\t\t<div class=\"elementor-element elementor-element-4327b16 e-con-full e-flex e-con e-child\" data-id=\"4327b16\" data-element_type=\"container\">\n\t\t<div class=\"elementor-element elementor-element-494f675 e-con-full e-flex e-con e-child\" data-id=\"494f675\" data-element_type=\"container\">\n\t\t\t\t<div class=\"elementor-element elementor-element-7bbfd74 elementor-widget elementor-widget-text-editor\" data-id=\"7bbfd74\" data-element_type=\"widget\" data-widget_type=\"text-editor.default\">\n\t\t\t\t<div class=\"elementor-widget-container\">\n\t\t\t\t\t\t\t\t\t<p><span style=\"font-weight: 400;\">El M\u00e1ster <\/span><span style=\"font-weight: 400;\">en HPC<\/span><span style=\"font-weight: 400;\"> est\u00e1 organizado por tres conocidas instituciones que poseen reconocidos expertos internacionales en el campo de la computaci\u00f3n de altas prestaciones: el grupo de Arquitectura de Computadores de la Universidade da Coru\u00f1a (UDC), el grupo de Arquitectura de Computadores de la Universidade de Santiago de Compostela (USC), y el Centro de Supercomputaci\u00f3n de Galicia (CESGA). Todas estas instituciones tienen una dilatada experiencia en el desarrollo y aplicaci\u00f3n de soluciones HPC.<\/span><\/p>\t\t\t\t\t\t\t\t<\/div>\n\t\t\t\t<\/div>\n\t\t<div class=\"elementor-element elementor-element-1319e57 e-con-full e-flex e-con e-child\" data-id=\"1319e57\" data-element_type=\"container\">\n\t\t<div class=\"elementor-element elementor-element-3799513 e-con-full e-flex e-con e-child\" data-id=\"3799513\" data-element_type=\"container\">\n\t\t\t\t<div class=\"elementor-element elementor-element-64468a2 elementor-widget elementor-widget-heading\" data-id=\"64468a2\" data-element_type=\"widget\" data-widget_type=\"heading.default\">\n\t\t\t\t<div class=\"elementor-widget-container\">\n\t\t\t\t\t<h2 class=\"elementor-heading-title elementor-size-default\">Profesores de la Universidade da Coru\u00f1a (UDC):<\/h2>\t\t\t\t<\/div>\n\t\t\t\t<\/div>\n\t\t\t\t<div class=\"elementor-element elementor-element-f0aa51d elementor-widget elementor-widget-text-editor\" data-id=\"f0aa51d\" data-element_type=\"widget\" data-widget_type=\"text-editor.default\">\n\t\t\t\t<div class=\"elementor-widget-container\">\n\t\t\t\t\t\t\t\t\t<p><span style=\"font-weight: 400;\">El<\/span> <a href=\"http:\/\/gac.udc.es\/\"><span style=\"font-weight: 400;\">GAC<\/span><\/a> <span style=\"font-weight: 400;\">de la UDC\u00a0es un\u00a0grupo de investigaci\u00f3n consolidado y muy activo, con una trayectoria de m\u00e1s de 20 a\u00f1os\u00a0en el campo <\/span><span style=\"font-weight: 400;\">de la computaci\u00f3n de altas prestaciones<\/span><span style=\"font-weight: 400;\">. \u00a0El\u00a0grupo ha recibido una financiaci\u00f3n por proyectos, tanto nacionales y auton\u00f3micos como\u00a0internacionales, y actividades de I+D superior a los 4.6 M\u20ac en los \u00faltimos 5 a\u00f1os. En\u00a0este per\u00edodo el grupo ha publicado m\u00e1s de 200 trabajos en revistas y\u00a0congresos internacionales de relevancia. Adem\u00e1s, se han completado en los\u00a0\u00faltimos 5 a\u00f1os 19 tesis doctorales. El grupo tambi\u00e9n ha prestado especial atenci\u00f3n a la\u00a0transferencia de resultados mediante la creaci\u00f3n de 2 spin-offs, y la generaci\u00f3n de patentes y\u00a0registros de la propiedad intelectual del software HPC\u00a0desarrollado.<\/span><\/p>\t\t\t\t\t\t\t\t<\/div>\n\t\t\t\t<\/div>\n\t\t\t\t<\/div>\n\t\t<div class=\"elementor-element elementor-element-8d7b9ea e-con-full e-flex e-con e-child\" data-id=\"8d7b9ea\" data-element_type=\"container\">\n\t\t\t\t<div class=\"elementor-element elementor-element-1e0065b elementor-widget elementor-widget-heading\" data-id=\"1e0065b\" data-element_type=\"widget\" data-widget_type=\"heading.default\">\n\t\t\t\t<div class=\"elementor-widget-container\">\n\t\t\t\t\t<h2 class=\"elementor-heading-title elementor-size-default\">Grupo de Arquitectura de Computadores de la Universidade de Santiago de Compostela:<\/h2>\t\t\t\t<\/div>\n\t\t\t\t<\/div>\n\t\t\t\t<div class=\"elementor-element elementor-element-29c1e36 elementor-widget elementor-widget-text-editor\" data-id=\"29c1e36\" data-element_type=\"widget\" data-widget_type=\"text-editor.default\">\n\t\t\t\t<div class=\"elementor-widget-container\">\n\t\t\t\t\t\t\t\t\t<p><span style=\"font-weight: 400;\">El<\/span> <a href=\"http:\/\/imaisd.usc.es\/grupoficha.asp?idpersoatipogrupo=75527&amp;i=es&amp;s=-2-26-148-150\"><span style=\"font-weight: 400;\">GAC<\/span><\/a> <span style=\"font-weight: 400;\">de la USC tiene\u00a0una trayectoria de m\u00e1s de 30 a\u00f1os en el campo de <\/span><span style=\"font-weight: 400;\">de la computaci\u00f3n de altas prestaciones (HPC)<\/span><span style=\"font-weight: 400;\"> y en la aritm\u00e9tica del\u00a0computador, abordando en los \u00faltimos a\u00f1os la computaci\u00f3n cloud y el procesamiento\u00a0Big Data. En los \u00faltimos 5 a\u00f1os, el grupo capt\u00f3 financiaci\u00f3n de I+D por importe\u00a0aproximado de 1 mill\u00f3n de \u20ac en proyectos nacionales y auton\u00f3micos, as\u00ed como en\u00a0contratos de I+D con empresas y administraciones p\u00fablicas; public\u00f3 m\u00e1s de 100 trabajos en revistas y congresos internacionales de relevancia, dirigi\u00f3\u00a013 tesis doctorales y gener\u00f3 diversos registros software.<\/span><\/p>\t\t\t\t\t\t\t\t<\/div>\n\t\t\t\t<\/div>\n\t\t\t\t<\/div>\n\t\t\t\t<\/div>\n\t\t<div class=\"elementor-element elementor-element-e112b93 e-con-full e-flex e-con e-child\" data-id=\"e112b93\" data-element_type=\"container\">\n\t\t<div class=\"elementor-element elementor-element-783d135 e-con-full e-flex e-con e-child\" data-id=\"783d135\" data-element_type=\"container\">\n\t\t\t\t<div class=\"elementor-element elementor-element-861b5a3 elementor-widget elementor-widget-heading\" data-id=\"861b5a3\" data-element_type=\"widget\" data-widget_type=\"heading.default\">\n\t\t\t\t<div class=\"elementor-widget-container\">\n\t\t\t\t\t<h2 class=\"elementor-heading-title elementor-size-default\">Centro de Supercomputaci\u00f3n de Galicia (CESGA):<\/h2>\t\t\t\t<\/div>\n\t\t\t\t<\/div>\n\t\t\t\t<div class=\"elementor-element elementor-element-677ae33 elementor-widget elementor-widget-text-editor\" data-id=\"677ae33\" data-element_type=\"widget\" data-widget_type=\"text-editor.default\">\n\t\t\t\t<div class=\"elementor-widget-container\">\n\t\t\t\t\t\t\t\t\t<p><span style=\"font-weight: 400;\">La Fundaci\u00f3n P\u00fablica Galega Centro Tecnol\u00f3xico de Supercomputaci\u00f3n de Galicia (<\/span><a href=\"http:\/\/www.cesga.es\/\"><span style=\"font-weight: 400;\">CESGA<\/span><\/a><span style=\"font-weight: 400;\">) es el centro de c\u00e1lculo, comunicaciones de altas prestaciones y servicios avanzados de la Comunidad Cient\u00edfica Gallega, Sistema Acad\u00e9mico Universitario y del Consejo Superior de Investigaciones Cient\u00edficas (CSIC).<\/span><\/p>\t\t\t\t\t\t\t\t<\/div>\n\t\t\t\t<\/div>\n\t\t\t\t<\/div>\n\t\t\t\t<\/div>\n\t\t\t\t<\/div>\n\t\t\t\t<\/div>\n\t\t\t\t\t<\/div>\n\t\t\t\t<\/div>\n\t\t\t\t<\/div>\n\t\t","protected":false},"excerpt":{"rendered":"<p>ORGANIZADORES El M\u00e1ster en Computaci\u00f3n de Altas Prestaciones\/High Performance Computing ha sido reconocido con la Menci\u00f3n de Excelencia de la Xunta de Galicia El M\u00e1ster en HPC est\u00e1 organizado por tres conocidas instituciones que poseen reconocidos expertos internacionales en el campo de la computaci\u00f3n de altas prestaciones: el grupo de Arquitectura de Computadores de la &#8230; <a title=\"Organizadores\" class=\"read-more\" href=\"https:\/\/masterhpc.es\/index.php\/master-hpc\/organizadores\/\" aria-label=\"Leer m\u00e1s sobre Organizadores\">Leer m\u00e1s<\/a><\/p>\n","protected":false},"author":1,"featured_media":0,"parent":148,"menu_order":0,"comment_status":"closed","ping_status":"closed","template":"elementor_header_footer","meta":{"footnotes":""},"class_list":["post-433","page","type-page","status-publish"],"_links":{"self":[{"href":"https:\/\/masterhpc.es\/index.php\/wp-json\/wp\/v2\/pages\/433"}],"collection":[{"href":"https:\/\/masterhpc.es\/index.php\/wp-json\/wp\/v2\/pages"}],"about":[{"href":"https:\/\/masterhpc.es\/index.php\/wp-json\/wp\/v2\/types\/page"}],"author":[{"embeddable":true,"href":"https:\/\/masterhpc.es\/index.php\/wp-json\/wp\/v2\/users\/1"}],"replies":[{"embeddable":true,"href":"https:\/\/masterhpc.es\/index.php\/wp-json\/wp\/v2\/comments?post=433"}],"version-history":[{"count":18,"href":"https:\/\/masterhpc.es\/index.php\/wp-json\/wp\/v2\/pages\/433\/revisions"}],"predecessor-version":[{"id":871,"href":"https:\/\/masterhpc.es\/index.php\/wp-json\/wp\/v2\/pages\/433\/revisions\/871"}],"up":[{"embeddable":true,"href":"https:\/\/masterhpc.es\/index.php\/wp-json\/wp\/v2\/pages\/148"}],"wp:attachment":[{"href":"https:\/\/masterhpc.es\/index.php\/wp-json\/wp\/v2\/media?parent=433"}],"curies":[{"name":"wp","href":"https:\/\/api.w.org\/{rel}","templated":true}]}}