{"id":488,"date":"2024-08-30T10:07:27","date_gmt":"2024-08-30T08:07:27","guid":{"rendered":"http:\/\/193.144.50.22\/wordpress\/?page_id=488"},"modified":"2024-11-08T12:26:47","modified_gmt":"2024-11-08T11:26:47","slug":"contacto","status":"publish","type":"page","link":"https:\/\/masterhpc.es\/index.php\/contacto\/","title":{"rendered":"Contacto"},"content":{"rendered":"\t\t<div data-elementor-type=\"wp-page\" data-elementor-id=\"488\" class=\"elementor elementor-488\" data-elementor-post-type=\"page\">\n\t\t\t\t\t\t<section class=\"elementor-section elementor-top-section elementor-element elementor-element-12a1f18f elementor-section-height-min-height elementor-section-content-space-evenly elementor-section-items-stretch elementor-section-boxed elementor-section-height-default\" data-id=\"12a1f18f\" data-element_type=\"section\" data-settings=\"{&quot;background_background&quot;:&quot;classic&quot;}\">\n\t\t\t\t\t\t\t<div class=\"elementor-background-overlay\"><\/div>\n\t\t\t\t\t\t\t<div class=\"elementor-container elementor-column-gap-wide\">\n\t\t\t\t\t<div class=\"elementor-column elementor-col-100 elementor-top-column elementor-element elementor-element-df3cc17\" data-id=\"df3cc17\" data-element_type=\"column\">\n\t\t\t<div class=\"elementor-widget-wrap elementor-element-populated\">\n\t\t\t\t\t\t<div class=\"elementor-element elementor-element-b35b37d elementor-widget elementor-widget-heading\" data-id=\"b35b37d\" data-element_type=\"widget\" data-widget_type=\"heading.default\">\n\t\t\t\t<div class=\"elementor-widget-container\">\n\t\t\t\t\t<h2 class=\"elementor-heading-title elementor-size-default\">CONTACTO<\/h2>\t\t\t\t<\/div>\n\t\t\t\t<\/div>\n\t\t\t\t<div class=\"elementor-element elementor-element-b09d5e9 elementor-widget__width-initial elementor-widget elementor-widget-text-editor\" data-id=\"b09d5e9\" data-element_type=\"widget\" data-widget_type=\"text-editor.default\">\n\t\t\t\t<div class=\"elementor-widget-container\">\n\t\t\t\t\t\t\t\t\t<p>El M\u00e1ster en Computaci\u00f3n de Altas Prestaciones (HPC) ha sido reconocido con la Menci\u00f3n de Excelencia de la Xunta de Galicia.<\/p>\t\t\t\t\t\t\t\t<\/div>\n\t\t\t\t<\/div>\n\t\t\t\t\t<\/div>\n\t\t<\/div>\n\t\t\t\t\t<\/div>\n\t\t<\/section>\n\t\t<div class=\"elementor-element elementor-element-944e936 e-flex e-con-boxed e-con e-parent\" data-id=\"944e936\" data-element_type=\"container\">\n\t\t\t\t\t<div class=\"e-con-inner\">\n\t\t<div class=\"elementor-element elementor-element-07df5b2 e-con-full e-flex e-con e-child\" data-id=\"07df5b2\" data-element_type=\"container\">\n\t\t<div class=\"elementor-element elementor-element-da8aff9 e-con-full e-flex e-con e-child\" data-id=\"da8aff9\" data-element_type=\"container\" data-settings=\"{&quot;background_background&quot;:&quot;classic&quot;}\">\n\t\t\t\t<div class=\"elementor-element elementor-element-10af3cc elementor-widget elementor-widget-text-editor\" data-id=\"10af3cc\" data-element_type=\"widget\" data-widget_type=\"text-editor.default\">\n\t\t\t\t<div class=\"elementor-widget-container\">\n\t\t\t\t\t\t\t\t\t<p><strong>Contacto por correo electr\u00f3nico<\/strong><\/p><p><span style=\"color: #ffffff;\"><strong><a style=\"color: #ffffff;\" href=\"mailto:jgonzalezd@udc.es\">jgonzalezd@udc.es<\/a><\/strong><\/span><\/p>\t\t\t\t\t\t\t\t<\/div>\n\t\t\t\t<\/div>\n\t\t\t\t<\/div>\n\t\t<div class=\"elementor-element elementor-element-6aefc63 e-con-full e-flex e-con e-child\" data-id=\"6aefc63\" data-element_type=\"container\" data-settings=\"{&quot;background_background&quot;:&quot;classic&quot;}\">\n\t\t\t\t<div class=\"elementor-element elementor-element-885d243 elementor-widget elementor-widget-text-editor\" data-id=\"885d243\" data-element_type=\"widget\" data-widget_type=\"text-editor.default\">\n\t\t\t\t<div class=\"elementor-widget-container\">\n\t\t\t\t\t\t\t\t\t<p><strong>Contacto en la Universidade da Coru\u00f1a (Coordinador del Master)<\/strong><\/p><p><strong>Jorge Gonz\u00e1lez Dom\u00ednguez<\/strong><\/p><p>Facultade de Inform\u00e1tica<br \/>Campus de Elvi\u00f1a s\/n<br \/>15071 A Coru\u00f1a<\/p>\t\t\t\t\t\t\t\t<\/div>\n\t\t\t\t<\/div>\n\t\t\t\t<\/div>\n\t\t<div class=\"elementor-element elementor-element-a451e7a e-con-full e-flex e-con e-child\" data-id=\"a451e7a\" data-element_type=\"container\" data-settings=\"{&quot;background_background&quot;:&quot;classic&quot;}\">\n\t\t\t\t<div class=\"elementor-element elementor-element-b185a8c elementor-widget elementor-widget-text-editor\" data-id=\"b185a8c\" data-element_type=\"widget\" data-widget_type=\"text-editor.default\">\n\t\t\t\t<div class=\"elementor-widget-container\">\n\t\t\t\t\t\t\t\t\t<p><strong>Contacto en la Universidade de Santiago de Compostela<\/strong><\/p><p><strong>Pablo Quesada Barriuso<\/strong><\/p><p>CiTIUS (Centro Singular de Investigaci\u00f3n en Tecnolox\u00edas da Informaci\u00f3n) | Edificio Emprendia, Campus Sur, 15782\u00a0Santiago de Compostela.<\/p>\t\t\t\t\t\t\t\t<\/div>\n\t\t\t\t<\/div>\n\t\t\t\t<\/div>\n\t\t\t\t<\/div>\n\t\t\t\t\t<\/div>\n\t\t\t\t<\/div>\n\t\t\t\t<\/div>\n\t\t","protected":false},"excerpt":{"rendered":"<p>CONTACTO El M\u00e1ster en Computaci\u00f3n de Altas Prestaciones (HPC) ha sido reconocido con la Menci\u00f3n de Excelencia de la Xunta de Galicia. Contacto por correo electr\u00f3nico jgonzalezd@udc.es Contacto en la Universidade da Coru\u00f1a (Coordinador del Master) Jorge Gonz\u00e1lez Dom\u00ednguez Facultade de Inform\u00e1ticaCampus de Elvi\u00f1a s\/n15071 A Coru\u00f1a Contacto en la Universidade de Santiago de Compostela &#8230; <a title=\"Contacto\" class=\"read-more\" href=\"https:\/\/masterhpc.es\/index.php\/contacto\/\" aria-label=\"Leer m\u00e1s sobre Contacto\">Leer m\u00e1s<\/a><\/p>\n","protected":false},"author":1,"featured_media":0,"parent":0,"menu_order":0,"comment_status":"closed","ping_status":"closed","template":"elementor_header_footer","meta":{"footnotes":""},"class_list":["post-488","page","type-page","status-publish"],"_links":{"self":[{"href":"https:\/\/masterhpc.es\/index.php\/wp-json\/wp\/v2\/pages\/488"}],"collection":[{"href":"https:\/\/masterhpc.es\/index.php\/wp-json\/wp\/v2\/pages"}],"about":[{"href":"https:\/\/masterhpc.es\/index.php\/wp-json\/wp\/v2\/types\/page"}],"author":[{"embeddable":true,"href":"https:\/\/masterhpc.es\/index.php\/wp-json\/wp\/v2\/users\/1"}],"replies":[{"embeddable":true,"href":"https:\/\/masterhpc.es\/index.php\/wp-json\/wp\/v2\/comments?post=488"}],"version-history":[{"count":12,"href":"https:\/\/masterhpc.es\/index.php\/wp-json\/wp\/v2\/pages\/488\/revisions"}],"predecessor-version":[{"id":904,"href":"https:\/\/masterhpc.es\/index.php\/wp-json\/wp\/v2\/pages\/488\/revisions\/904"}],"wp:attachment":[{"href":"https:\/\/masterhpc.es\/index.php\/wp-json\/wp\/v2\/media?parent=488"}],"curies":[{"name":"wp","href":"https:\/\/api.w.org\/{rel}","templated":true}]}}