{"id":506,"date":"2024-08-30T10:38:13","date_gmt":"2024-08-30T08:38:13","guid":{"rendered":"http:\/\/193.144.50.22\/wordpress\/?page_id=506"},"modified":"2025-01-23T16:45:51","modified_gmt":"2025-01-23T15:45:51","slug":"practicas-en-empresas","status":"publish","type":"page","link":"https:\/\/masterhpc.es\/index.php\/practicas-en-empresas\/","title":{"rendered":"Pr\u00e1cticas en empresas"},"content":{"rendered":"\t\t<div data-elementor-type=\"wp-page\" data-elementor-id=\"506\" class=\"elementor elementor-506\" data-elementor-post-type=\"page\">\n\t\t\t\t\t\t<section class=\"elementor-section elementor-top-section elementor-element elementor-element-49986c84 elementor-section-height-min-height elementor-section-content-space-evenly elementor-section-items-stretch elementor-section-boxed elementor-section-height-default\" data-id=\"49986c84\" data-element_type=\"section\" data-settings=\"{&quot;background_background&quot;:&quot;classic&quot;}\">\n\t\t\t\t\t\t\t<div class=\"elementor-background-overlay\"><\/div>\n\t\t\t\t\t\t\t<div class=\"elementor-container elementor-column-gap-wide\">\n\t\t\t\t\t<div class=\"elementor-column elementor-col-100 elementor-top-column elementor-element elementor-element-5355e455\" data-id=\"5355e455\" data-element_type=\"column\">\n\t\t\t<div class=\"elementor-widget-wrap elementor-element-populated\">\n\t\t\t\t\t\t<div class=\"elementor-element elementor-element-1e81fae elementor-widget elementor-widget-heading\" data-id=\"1e81fae\" data-element_type=\"widget\" data-widget_type=\"heading.default\">\n\t\t\t\t<div class=\"elementor-widget-container\">\n\t\t\t\t\t<h2 class=\"elementor-heading-title elementor-size-default\">PR\u00c1CTICAS<br>EN EMPRESA<\/h2>\t\t\t\t<\/div>\n\t\t\t\t<\/div>\n\t\t\t\t\t<\/div>\n\t\t<\/div>\n\t\t\t\t\t<\/div>\n\t\t<\/section>\n\t\t<div class=\"elementor-element elementor-element-277a894 e-flex e-con-boxed e-con e-parent\" data-id=\"277a894\" data-element_type=\"container\">\n\t\t\t\t\t<div class=\"e-con-inner\">\n\t\t<div class=\"elementor-element elementor-element-4327b16 e-con-full e-flex e-con e-child\" data-id=\"4327b16\" data-element_type=\"container\">\n\t\t<div class=\"elementor-element elementor-element-494f675 e-con-full e-flex e-con e-child\" data-id=\"494f675\" data-element_type=\"container\">\n\t\t\t\t<div class=\"elementor-element elementor-element-7bbfd74 elementor-widget elementor-widget-text-editor\" data-id=\"7bbfd74\" data-element_type=\"widget\" data-widget_type=\"text-editor.default\">\n\t\t\t\t<div class=\"elementor-widget-container\">\n\t\t\t\t\t\t\t\t\t<ul><li style=\"font-weight: 400;\" aria-level=\"2\"><a href=\"https:\/\/udcgal-my.sharepoint.com\/:w:\/g\/personal\/diego_andrade_udc_es\/EZYo6QFXBKZMufNpwVazmpkBfd9gR5a8G3qrxeFOUqGkyg?e=v5fpfh\"><span style=\"font-weight: 400;\">Plan de pr\u00e1cticas del M\u00e1ster<\/span><\/a> <span style=\"font-weight: 400;\">(formato DOC)<\/span><\/li><\/ul><p><span style=\"font-weight: 400;\">Deberes del alumno durante la realizaci\u00f3n de las pr\u00e1cticas (de acuerdo al plan de pr\u00e1cticas del m\u00e1ster):<\/span><\/p><p><i><span style=\"font-weight: 400;\">El estudiante entregar\u00e1 a su tutor acad\u00e9mico informes quincenales con el visto bueno de su tutor profesional. Una vez finalizada la pr\u00e1ctica, el tutor profesional enviar\u00e1 un informe al coordinador del t\u00edtulo y el estudiante entregar\u00e1 la memoria de pr\u00e1cticas.<\/span><\/i><\/p><ul><li style=\"font-weight: 400;\" aria-level=\"1\"><a href=\"https:\/\/udcgal-my.sharepoint.com\/:w:\/g\/personal\/diego_andrade_udc_es\/ESsaWTbIVcRGmbPJEZKFFMwBAhkcEk5wRMvZkKwKJtNbWg?e=fkuT8K\"><span style=\"font-weight: 400;\">Modelo de informe quincenal<\/span><\/a> <span style=\"font-weight: 400;\">(extensi\u00f3n orientativa 1 p\u00e1gina)<\/span><\/li><li style=\"font-weight: 400;\" aria-level=\"1\"><a href=\"https:\/\/udcgal-my.sharepoint.com\/:w:\/g\/personal\/diego_andrade_udc_es\/ESUdLPwjXd1FmaTwfhCSv0YBmLuXQy_OyuPg05p6U8nliQ?e=h824yo\"><span style=\"font-weight: 400;\">Modelo de informe final<\/span><\/a> <span style=\"font-weight: 400;\">(extensi\u00f3n orientativa 5 p\u00e1ginas)<\/span><\/li><li style=\"font-weight: 400;\" aria-level=\"1\"><a href=\"https:\/\/udcgal-my.sharepoint.com\/:w:\/g\/personal\/diego_andrade_udc_es\/EQ1obZRj_W1PnI-kgB_Ckn4B_ndaGA-PFjABlAn9kV1UQA?e=67rDC5\"><span style=\"font-weight: 400;\">Modelo de informe del tutor profesional<\/span><\/a><\/li><\/ul>\t\t\t\t\t\t\t\t<\/div>\n\t\t\t\t<\/div>\n\t\t\t\t<\/div>\n\t\t\t\t<\/div>\n\t\t\t\t\t<\/div>\n\t\t\t\t<\/div>\n\t\t\t\t<\/div>\n\t\t","protected":false},"excerpt":{"rendered":"<p>PR\u00c1CTICASEN EMPRESA Plan de pr\u00e1cticas del M\u00e1ster (formato DOC) Deberes del alumno durante la realizaci\u00f3n de las pr\u00e1cticas (de acuerdo al plan de pr\u00e1cticas del m\u00e1ster): El estudiante entregar\u00e1 a su tutor acad\u00e9mico informes quincenales con el visto bueno de su tutor profesional. Una vez finalizada la pr\u00e1ctica, el tutor profesional enviar\u00e1 un informe al &#8230; <a title=\"Pr\u00e1cticas en empresas\" class=\"read-more\" href=\"https:\/\/masterhpc.es\/index.php\/practicas-en-empresas\/\" aria-label=\"Leer m\u00e1s sobre Pr\u00e1cticas en empresas\">Leer m\u00e1s<\/a><\/p>\n","protected":false},"author":1,"featured_media":0,"parent":0,"menu_order":0,"comment_status":"closed","ping_status":"closed","template":"elementor_header_footer","meta":{"footnotes":""},"class_list":["post-506","page","type-page","status-publish"],"_links":{"self":[{"href":"https:\/\/masterhpc.es\/index.php\/wp-json\/wp\/v2\/pages\/506"}],"collection":[{"href":"https:\/\/masterhpc.es\/index.php\/wp-json\/wp\/v2\/pages"}],"about":[{"href":"https:\/\/masterhpc.es\/index.php\/wp-json\/wp\/v2\/types\/page"}],"author":[{"embeddable":true,"href":"https:\/\/masterhpc.es\/index.php\/wp-json\/wp\/v2\/users\/1"}],"replies":[{"embeddable":true,"href":"https:\/\/masterhpc.es\/index.php\/wp-json\/wp\/v2\/comments?post=506"}],"version-history":[{"count":15,"href":"https:\/\/masterhpc.es\/index.php\/wp-json\/wp\/v2\/pages\/506\/revisions"}],"predecessor-version":[{"id":980,"href":"https:\/\/masterhpc.es\/index.php\/wp-json\/wp\/v2\/pages\/506\/revisions\/980"}],"wp:attachment":[{"href":"https:\/\/masterhpc.es\/index.php\/wp-json\/wp\/v2\/media?parent=506"}],"curies":[{"name":"wp","href":"https:\/\/api.w.org\/{rel}","templated":true}]}}