{"id":510,"date":"2024-08-30T10:44:51","date_gmt":"2024-08-30T08:44:51","guid":{"rendered":"http:\/\/193.144.50.22\/wordpress\/?page_id=510"},"modified":"2026-04-24T14:48:17","modified_gmt":"2026-04-24T12:48:17","slug":"trabajo-de-fin-de-master","status":"publish","type":"page","link":"https:\/\/masterhpc.es\/index.php\/trabajo-de-fin-de-master\/","title":{"rendered":"Trabajo de Fin de M\u00e1ster"},"content":{"rendered":"\t\t<div data-elementor-type=\"wp-page\" data-elementor-id=\"510\" class=\"elementor elementor-510\" data-elementor-post-type=\"page\">\n\t\t\t\t\t\t<section class=\"elementor-section elementor-top-section elementor-element elementor-element-49986c84 elementor-section-height-min-height elementor-section-content-space-evenly elementor-section-items-stretch elementor-section-boxed elementor-section-height-default\" data-id=\"49986c84\" data-element_type=\"section\" data-settings=\"{&quot;background_background&quot;:&quot;classic&quot;}\">\n\t\t\t\t\t\t\t<div class=\"elementor-background-overlay\"><\/div>\n\t\t\t\t\t\t\t<div class=\"elementor-container elementor-column-gap-wide\">\n\t\t\t\t\t<div class=\"elementor-column elementor-col-100 elementor-top-column elementor-element elementor-element-5355e455\" data-id=\"5355e455\" data-element_type=\"column\">\n\t\t\t<div class=\"elementor-widget-wrap elementor-element-populated\">\n\t\t\t\t\t\t<div class=\"elementor-element elementor-element-1e81fae elementor-widget elementor-widget-heading\" data-id=\"1e81fae\" data-element_type=\"widget\" data-widget_type=\"heading.default\">\n\t\t\t\t<div class=\"elementor-widget-container\">\n\t\t\t\t\t<h2 class=\"elementor-heading-title elementor-size-default\">TRABAJO FIN<br>DE M\u00c1STER<\/h2>\t\t\t\t<\/div>\n\t\t\t\t<\/div>\n\t\t\t\t\t<\/div>\n\t\t<\/div>\n\t\t\t\t\t<\/div>\n\t\t<\/section>\n\t\t<div class=\"elementor-element elementor-element-277a894 e-flex e-con-boxed e-con e-parent\" data-id=\"277a894\" data-element_type=\"container\">\n\t\t\t\t\t<div class=\"e-con-inner\">\n\t\t<div class=\"elementor-element elementor-element-4327b16 e-con-full e-flex e-con e-child\" data-id=\"4327b16\" data-element_type=\"container\">\n\t\t<div class=\"elementor-element elementor-element-494f675 e-con-full e-flex e-con e-child\" data-id=\"494f675\" data-element_type=\"container\">\n\t\t\t\t<div class=\"elementor-element elementor-element-7bbfd74 elementor-widget elementor-widget-text-editor\" data-id=\"7bbfd74\" data-element_type=\"widget\" data-widget_type=\"text-editor.default\">\n\t\t\t\t<div class=\"elementor-widget-container\">\n\t\t\t\t\t\t\t\t\t<ul><li><a href=\"https:\/\/udcgal-my.sharepoint.com\/:w:\/g\/personal\/diego_andrade_udc_es\/IQAFA5hnTcWGQY0djSXtKYPfAYSq2AxviHTuyZTKcrJ8w_U?e=DxV3WG\">Reglamento del TFM<\/a><\/li><li><a href=\"https:\/\/udcgal-my.sharepoint.com\/:w:\/g\/personal\/diego_andrade_udc_es\/EUEliOYjjoVNs_d7AvFFaL8B6m_q5XLs70il6Tcrz6YIEA?e=4Kifz3%2C\">Modelo de anteproyecto<\/a><\/li><\/ul><p><strong>Respecto a la longitud y formato de la memoria<\/strong>:<\/p><p>La longitud aproximada de la memoria, excluyendo portada, \u00edndices, anexos y secci\u00f3n bibliogr\u00e1fica, ser\u00e1 de alrededor de 50 p\u00e1ginas. Esta longitud se proporciona de forma orientativa pero no es de obligado cumplimiento.<\/p><p><strong>El formato recomendado para la memoria puede encontrarse en los siguientes enlaces:<\/strong><\/p><ul><li><a href=\"https:\/\/www.overleaf.com\/read\/yfwdryjmrysy\">Versi\u00f3n UDC<\/a><\/li><li><a href=\"https:\/\/www.overleaf.com\/read\/drjbctnqhzqh\">Versi\u00f3n USC<\/a><\/li><\/ul>\t\t\t\t\t\t\t\t<\/div>\n\t\t\t\t<\/div>\n\t\t\t\t<\/div>\n\t\t\t\t<\/div>\n\t\t\t\t\t<\/div>\n\t\t\t\t<\/div>\n\t\t\t\t<\/div>\n\t\t","protected":false},"excerpt":{"rendered":"<p>TRABAJO FINDE M\u00c1STER Reglamento del TFM Modelo de anteproyecto Respecto a la longitud y formato de la memoria: La longitud aproximada de la memoria, excluyendo portada, \u00edndices, anexos y secci\u00f3n bibliogr\u00e1fica, ser\u00e1 de alrededor de 50 p\u00e1ginas. Esta longitud se proporciona de forma orientativa pero no es de obligado cumplimiento. El formato recomendado para la &#8230; <a title=\"Trabajo de Fin de M\u00e1ster\" class=\"read-more\" href=\"https:\/\/masterhpc.es\/index.php\/trabajo-de-fin-de-master\/\" aria-label=\"Leer m\u00e1s sobre Trabajo de Fin de M\u00e1ster\">Leer m\u00e1s<\/a><\/p>\n","protected":false},"author":1,"featured_media":0,"parent":0,"menu_order":0,"comment_status":"closed","ping_status":"closed","template":"elementor_header_footer","meta":{"footnotes":""},"class_list":["post-510","page","type-page","status-publish"],"_links":{"self":[{"href":"https:\/\/masterhpc.es\/index.php\/wp-json\/wp\/v2\/pages\/510"}],"collection":[{"href":"https:\/\/masterhpc.es\/index.php\/wp-json\/wp\/v2\/pages"}],"about":[{"href":"https:\/\/masterhpc.es\/index.php\/wp-json\/wp\/v2\/types\/page"}],"author":[{"embeddable":true,"href":"https:\/\/masterhpc.es\/index.php\/wp-json\/wp\/v2\/users\/1"}],"replies":[{"embeddable":true,"href":"https:\/\/masterhpc.es\/index.php\/wp-json\/wp\/v2\/comments?post=510"}],"version-history":[{"count":18,"href":"https:\/\/masterhpc.es\/index.php\/wp-json\/wp\/v2\/pages\/510\/revisions"}],"predecessor-version":[{"id":1050,"href":"https:\/\/masterhpc.es\/index.php\/wp-json\/wp\/v2\/pages\/510\/revisions\/1050"}],"wp:attachment":[{"href":"https:\/\/masterhpc.es\/index.php\/wp-json\/wp\/v2\/media?parent=510"}],"curies":[{"name":"wp","href":"https:\/\/api.w.org\/{rel}","templated":true}]}}